{"id":66,"date":"2023-04-28T17:20:00","date_gmt":"2023-04-28T17:20:00","guid":{"rendered":"https:\/\/ciepfvirtual.com\/?page_id=66"},"modified":"2023-04-28T21:30:43","modified_gmt":"2023-04-28T21:30:43","slug":"maestrias","status":"publish","type":"page","link":"https:\/\/ciepfvirtual.com\/index.php\/maestrias\/","title":{"rendered":"Maestr\u00eda en Fiscalizaci\u00f3n de Recursos P\u00fablicos Federales y Estatales"},"content":{"rendered":"\n<div class=\"section-wrapper\" data-id=\"L8YYHo\"><section class=\"wp-block-gutenverse-section guten-element guten-section guten-L8YYHo layout-boxed align-stretch\"><div class=\"guten-background-overlay\"><\/div><div class=\"guten-shape-divider guten-shape-divider-top\"><\/div><div class=\"guten-shape-divider guten-shape-divider-bottom\"><\/div><div class=\"guten-container guten-column-gap-default\">\n<div class=\"wp-block-gutenverse-column guten-element guten-column guten-F39IRF\"><div class=\"guten-background-overlay\"><\/div><div class=\"sticky-wrapper\" data-id=\"F39IRF\"><div class=\"guten-column-wrapper\"><\/div><\/div><\/div>\n<\/div><\/section><\/div>\n\n\n\n<div class=\"section-wrapper\" data-id=\"xhH8qe\"><section class=\"wp-block-gutenverse-section guten-element guten-section guten-xhH8qe layout-boxed align-stretch\"><div class=\"guten-background-overlay\"><\/div><div class=\"guten-shape-divider guten-shape-divider-top\"><\/div><div class=\"guten-shape-divider guten-shape-divider-bottom\"><\/div><div class=\"guten-container guten-column-gap-default\">\n<div class=\"wp-block-gutenverse-column guten-element guten-column guten-yPrh0e\"><div class=\"guten-background-overlay\"><\/div><div class=\"sticky-wrapper\" data-id=\"yPrh0e\"><div class=\"guten-column-wrapper\"><\/div><\/div><\/div>\n\n\n\n<div class=\"wp-block-gutenverse-column guten-element guten-column guten-u2Zmff\"><div class=\"guten-background-overlay\"><\/div><div class=\"sticky-wrapper\" data-id=\"u2Zmff\"><div class=\"guten-column-wrapper\"><\/div><\/div><\/div>\n<\/div><\/section><\/div>\n","protected":false},"excerpt":{"rendered":"","protected":false},"author":1,"featured_media":0,"parent":0,"menu_order":0,"comment_status":"closed","ping_status":"closed","template":"","meta":[],"_links":{"self":[{"href":"https:\/\/ciepfvirtual.com\/index.php\/wp-json\/wp\/v2\/pages\/66"}],"collection":[{"href":"https:\/\/ciepfvirtual.com\/index.php\/wp-json\/wp\/v2\/pages"}],"about":[{"href":"https:\/\/ciepfvirtual.com\/index.php\/wp-json\/wp\/v2\/types\/page"}],"author":[{"embeddable":true,"href":"https:\/\/ciepfvirtual.com\/index.php\/wp-json\/wp\/v2\/users\/1"}],"replies":[{"embeddable":true,"href":"https:\/\/ciepfvirtual.com\/index.php\/wp-json\/wp\/v2\/comments?post=66"}],"version-history":[{"count":3,"href":"https:\/\/ciepfvirtual.com\/index.php\/wp-json\/wp\/v2\/pages\/66\/revisions"}],"predecessor-version":[{"id":118,"href":"https:\/\/ciepfvirtual.com\/index.php\/wp-json\/wp\/v2\/pages\/66\/revisions\/118"}],"wp:attachment":[{"href":"https:\/\/ciepfvirtual.com\/index.php\/wp-json\/wp\/v2\/media?parent=66"}],"curies":[{"name":"wp","href":"https:\/\/api.w.org\/{rel}","templated":true}]}}